{"id":106,"date":"2025-11-30T13:31:23","date_gmt":"2025-11-30T12:31:23","guid":{"rendered":"https:\/\/cosmoservice.pl\/?page_id=106"},"modified":"2026-02-23T16:00:44","modified_gmt":"2026-02-23T15:00:44","slug":"nasza-filozofia","status":"publish","type":"page","link":"https:\/\/cosmoservice.pl\/index.php\/nasza-filozofia\/","title":{"rendered":"Nasza filozofia"},"content":{"rendered":"\n<h2 class=\"wp-block-heading\"><em>\u201cWasza wola \u2013 naszymi r\u0119kami.\u201d<\/em><\/h2>\n\n\n\n<p><strong>Nasza koncepcja to jako\u015b\u0107, szczero\u015b\u0107 i pe\u0142na przejrzysto\u015b\u0107 wszystkich wykonywanych prac.<\/strong><\/p>\n\n\n\n<p><strong>Nasz klient jest naszym szefem \u2013 a my jeste\u015bmy jego pomocnikami.<\/strong>\u00a0W trakcie naprawy mo\u017cesz w ka\u017cdej chwili przebywa\u0107 razem z mechanikiem przy samochodzie i na w\u0142asne oczy obserwowa\u0107 ka\u017cde jego dzia\u0142anie.<\/p>\n\n\n<nav style=\"color: #c69007;\" class=\"has-text-color is-responsive alignwide wp-block-navigation is-layout-flex wp-block-navigation-is-layout-flex\" aria-label=\"Nawigacja\" \n\t\t data-wp-interactive=\"core\/navigation\" data-wp-context='{\"overlayOpenedBy\":{\"click\":false,\"hover\":false,\"focus\":false},\"type\":\"overlay\",\"roleAttribute\":\"\",\"ariaLabel\":\"Menu\"}'><button aria-haspopup=\"dialog\" aria-label=\"Rozwi\u0144 menu\" class=\"wp-block-navigation__responsive-container-open\" \n\t\t\t\tdata-wp-on--click=\"actions.openMenuOnClick\"\n\t\t\t\tdata-wp-on--keydown=\"actions.handleMenuKeydown\"\n\t\t\t><svg width=\"24\" height=\"24\" xmlns=\"http:\/\/www.w3.org\/2000\/svg\" viewBox=\"0 0 24 24\" aria-hidden=\"true\" focusable=\"false\"><path d=\"M4 7.5h16v1.5H4z\"><\/path><path d=\"M4 15h16v1.5H4z\"><\/path><\/svg><\/button>\n\t\t\t\t<div class=\"wp-block-navigation__responsive-container\"  id=\"modal-1\" \n\t\t\t\tdata-wp-class--has-modal-open=\"state.isMenuOpen\"\n\t\t\t\tdata-wp-class--is-menu-open=\"state.isMenuOpen\"\n\t\t\t\tdata-wp-watch=\"callbacks.initMenu\"\n\t\t\t\tdata-wp-on--keydown=\"actions.handleMenuKeydown\"\n\t\t\t\tdata-wp-on--focusout=\"actions.handleMenuFocusout\"\n\t\t\t\ttabindex=\"-1\"\n\t\t\t>\n\t\t\t\t\t<div class=\"wp-block-navigation__responsive-close\" tabindex=\"-1\">\n\t\t\t\t\t\t<div class=\"wp-block-navigation__responsive-dialog\" \n\t\t\t\tdata-wp-bind--aria-modal=\"state.ariaModal\"\n\t\t\t\tdata-wp-bind--aria-label=\"state.ariaLabel\"\n\t\t\t\tdata-wp-bind--role=\"state.roleAttribute\"\n\t\t\t>\n\t\t\t\t\t\t\t<button aria-label=\"Zamknij menu\" class=\"wp-block-navigation__responsive-container-close\" \n\t\t\t\tdata-wp-on--click=\"actions.closeMenuOnClick\"\n\t\t\t><svg xmlns=\"http:\/\/www.w3.org\/2000\/svg\" viewBox=\"0 0 24 24\" width=\"24\" height=\"24\" aria-hidden=\"true\" focusable=\"false\"><path d=\"m13.06 12 6.47-6.47-1.06-1.06L12 10.94 5.53 4.47 4.47 5.53 10.94 12l-6.47 6.47 1.06 1.06L12 13.06l6.47 6.47 1.06-1.06L13.06 12Z\"><\/path><\/svg><\/button>\n\t\t\t\t\t\t\t<div class=\"wp-block-navigation__responsive-container-content\" \n\t\t\t\tdata-wp-watch=\"callbacks.focusFirstElement\"\n\t\t\t id=\"modal-1-content\">\n\t\t\t\t\t\t\t\t<ul style=\"color: #c69007;\" class=\"wp-block-navigation__container has-text-color is-responsive alignwide wp-block-navigation\"><li class=\" wp-block-navigation-item wp-block-navigation-link\"><a class=\"wp-block-navigation-item__content\"  href=\"https:\/\/cosmoservice.pl\/index.php\/cennik\/\"><span class=\"wp-block-navigation-item__label\">Cennik<\/span><\/a><\/li><li class=\" wp-block-navigation-item wp-block-navigation-link\"><a class=\"wp-block-navigation-item__content\"  href=\"https:\/\/cosmoservice.pl\/index.php\/porady-dla-mechanika\/\"><span class=\"wp-block-navigation-item__label\">Porady dla mechanika<\/span><\/a><\/li><li class=\" wp-block-navigation-item wp-block-navigation-link has-small-font-size\"><a class=\"wp-block-navigation-item__content\"  href=\"https:\/\/cosmoservice.pl\/index.php\/polityka-prywatnosci\/\"><span class=\"wp-block-navigation-item__label\">Polityka prywatno\u015bci<\/span><\/a><\/li><li class=\" wp-block-navigation-item wp-block-navigation-link\"><a class=\"wp-block-navigation-item__content\"  href=\"https:\/\/cosmoservice.pl\/index.php\/kontakty-i-godziny-pracy\/\"><span class=\"wp-block-navigation-item__label\">Kontakty i godziny pracy<\/span><\/a><\/li><li class=\" wp-block-navigation-item wp-block-navigation-link\"><a class=\"wp-block-navigation-item__content\"  href=\"https:\/\/cosmoservice.pl\/index.php\/nasza-filozofia\/\"><span class=\"wp-block-navigation-item__label\">Nasza filozofia<\/span><\/a><\/li><li class=\" wp-block-navigation-item wp-block-navigation-link\"><a class=\"wp-block-navigation-item__content\"  href=\"https:\/\/cosmoservice.pl\/\" rel=\"https:\/\/cosmoservice.pl\/\" title=\"main\"><span class=\"wp-block-navigation-item__label\">Glowna<\/span><span class=\"wp-block-navigation-item__description\">main<\/span><\/a><\/li><li class=\" wp-block-navigation-item wp-block-navigation-link\"><a class=\"wp-block-navigation-item__content\"  href=\"https:\/\/cosmoservice.pl\/index.php\/blog\/\"><span class=\"wp-block-navigation-item__label\">Blog<\/span><\/a><\/li><\/ul>\n\t\t\t\t\t\t\t<\/div>\n\t\t\t\t\t\t<\/div>\n\t\t\t\t\t<\/div>\n\t\t\t\t<\/div><\/nav>","protected":false},"excerpt":{"rendered":"<p>\u201cWasza wola \u2013 naszymi r\u0119kami.\u201d Nasza koncepcja to jako\u015b\u0107, szczero\u015b\u0107 i pe\u0142na przejrzysto\u015b\u0107 wszystkich wykonywanych prac. Nasz klient jest naszym szefem \u2013 a my jeste\u015bmy jego pomocnikami.\u00a0W trakcie naprawy mo\u017cesz w ka\u017cdej chwili przebywa\u0107 razem z mechanikiem przy samochodzie i na w\u0142asne oczy obserwowa\u0107 ka\u017cde jego dzia\u0142anie.<\/p>\n","protected":false},"author":1,"featured_media":0,"parent":0,"menu_order":0,"comment_status":"closed","ping_status":"closed","template":"","meta":{"footnotes":""},"class_list":["post-106","page","type-page","status-publish","hentry"],"_links":{"self":[{"href":"https:\/\/cosmoservice.pl\/index.php\/wp-json\/wp\/v2\/pages\/106","targetHints":{"allow":["GET"]}}],"collection":[{"href":"https:\/\/cosmoservice.pl\/index.php\/wp-json\/wp\/v2\/pages"}],"about":[{"href":"https:\/\/cosmoservice.pl\/index.php\/wp-json\/wp\/v2\/types\/page"}],"author":[{"embeddable":true,"href":"https:\/\/cosmoservice.pl\/index.php\/wp-json\/wp\/v2\/users\/1"}],"replies":[{"embeddable":true,"href":"https:\/\/cosmoservice.pl\/index.php\/wp-json\/wp\/v2\/comments?post=106"}],"version-history":[{"count":5,"href":"https:\/\/cosmoservice.pl\/index.php\/wp-json\/wp\/v2\/pages\/106\/revisions"}],"predecessor-version":[{"id":156,"href":"https:\/\/cosmoservice.pl\/index.php\/wp-json\/wp\/v2\/pages\/106\/revisions\/156"}],"wp:attachment":[{"href":"https:\/\/cosmoservice.pl\/index.php\/wp-json\/wp\/v2\/media?parent=106"}],"curies":[{"name":"wp","href":"https:\/\/api.w.org\/{rel}","templated":true}]}}