{"id":141,"date":"2025-12-06T15:40:49","date_gmt":"2025-12-06T14:40:49","guid":{"rendered":"https:\/\/cosmoservice.pl\/?page_id=141"},"modified":"2026-03-10T10:53:32","modified_gmt":"2026-03-10T09:53:32","slug":"blog","status":"publish","type":"page","link":"https:\/\/cosmoservice.pl\/index.php\/blog\/","title":{"rendered":"Blog"},"content":{"rendered":"<div class=\"logged-out wp-block-loginout\"><a href=\"https:\/\/cosmoservice.pl\/wp-login.php?redirect_to=https%3A%2F%2Fcosmoservice.pl%2Findex.php%2Fwp-json%2Fwp%2Fv2%2Fpages%2F141\">Zaloguj si\u0119<\/a><\/div>\n\n\n<h1 class=\"wp-block-heading has-text-align-center\"><strong><mark style=\"background-color:rgba(0, 0, 0, 0);color:#aa11f5\" class=\"has-inline-color\">Blog<\/mark><\/strong><\/h1>\n\n\n\n<figure class=\"wp-block-embed is-type-video is-provider-youtube wp-block-embed-youtube wp-embed-aspect-9-16 wp-has-aspect-ratio\"><div class=\"wp-block-embed__wrapper\">\n<iframe loading=\"lazy\" title=\"Do 60% czarnego dymu i spadku mocy to zapchane wtryski! Czyszczenie ultrad\u017awi\u0119kami  w CosmoService!\" width=\"422\" height=\"750\" src=\"https:\/\/www.youtube.com\/embed\/O6vuoKlUuN8?feature=oembed\" frameborder=\"0\" allow=\"accelerometer; autoplay; clipboard-write; encrypted-media; gyroscope; picture-in-picture; web-share\" referrerpolicy=\"strict-origin-when-cross-origin\" allowfullscreen><\/iframe>\n<\/div><figcaption class=\"wp-element-caption\"><mark style=\"background-color:rgba(0, 0, 0, 0);color:#f3f4e8\" class=\"has-inline-color\">Ma\u0142o kto wie, ale w ponad 60% przypadk\u00f3w czarnego dymu, nier\u00f3wnej pracy wtryskiwaczy, problem\u00f3w z rozruchem, \u201etr\u00f3jkowania\u201d silnika oraz spadku mocy po oko\u0142o 200 tysi\u0105cach kilometr\u00f3w przebiegu \u2013 przyczyn\u0105 jest zwyk\u0142e zapchanie wtryskiwaczy, kt\u00f3re leczy si\u0119 prostym czyszczeniem w myjce ultrad\u017awi\u0119kowej. Nie dajcie si\u0119 nabra\u0107 i uwierzy\u0107, \u017ce konieczna jest wymiana lub regeneracja jednej z najdro\u017cszych cz\u0119\u015bci samochodu \u2013 wtryskiwaczy.<\/mark><\/figcaption><\/figure>\n\n\n\n<figure class=\"wp-block-embed is-type-video is-provider-youtube wp-block-embed-youtube wp-embed-aspect-9-16 wp-has-aspect-ratio\"><div class=\"wp-block-embed__wrapper\">\n<iframe loading=\"lazy\" title=\"Wymiana przebitej uszczelki pod g\u0142owic\u0105 \u2013 uda\u0142o si\u0119 po 2 tygodniach ci\u0119\u017ckiej roboty! \ud83d\udcaa\ud83d\ude01\" width=\"422\" height=\"750\" src=\"https:\/\/www.youtube.com\/embed\/yPrKlYaxkc8?feature=oembed\" frameborder=\"0\" allow=\"accelerometer; autoplay; clipboard-write; encrypted-media; gyroscope; picture-in-picture; web-share\" referrerpolicy=\"strict-origin-when-cross-origin\" allowfullscreen><\/iframe>\n<\/div><figcaption class=\"wp-element-caption\"><mark style=\"background-color:rgba(0, 0, 0, 0);color:#ffffff\" class=\"has-inline-color\">Wymiana przebitej uszczelki pod g\u0142owic\u0105 \u2013 uda\u0142o si\u0119 po 2 tygodniach ci\u0119\u017ckiej roboty!<\/mark> \ud83d\udcaa\ud83d\ude01<\/figcaption><\/figure>\n\n\n<nav style=\"color: #e0c80d;\" class=\"has-text-color is-responsive items-justified-center alignfull wp-block-navigation is-content-justification-center is-layout-flex wp-container-core-navigation-is-layout-a89b3969 wp-block-navigation-is-layout-flex\" aria-label=\"Nawigacja\" \n\t\t data-wp-interactive=\"core\/navigation\" data-wp-context='{\"overlayOpenedBy\":{\"click\":false,\"hover\":false,\"focus\":false},\"type\":\"overlay\",\"roleAttribute\":\"\",\"ariaLabel\":\"Menu\"}'><button aria-haspopup=\"dialog\" aria-label=\"Rozwi\u0144 menu\" class=\"wp-block-navigation__responsive-container-open\" \n\t\t\t\tdata-wp-on--click=\"actions.openMenuOnClick\"\n\t\t\t\tdata-wp-on--keydown=\"actions.handleMenuKeydown\"\n\t\t\t><svg width=\"24\" height=\"24\" xmlns=\"http:\/\/www.w3.org\/2000\/svg\" viewBox=\"0 0 24 24\" aria-hidden=\"true\" focusable=\"false\"><path d=\"M4 7.5h16v1.5H4z\"><\/path><path d=\"M4 15h16v1.5H4z\"><\/path><\/svg><\/button>\n\t\t\t\t<div class=\"wp-block-navigation__responsive-container\"  id=\"modal-1\" \n\t\t\t\tdata-wp-class--has-modal-open=\"state.isMenuOpen\"\n\t\t\t\tdata-wp-class--is-menu-open=\"state.isMenuOpen\"\n\t\t\t\tdata-wp-watch=\"callbacks.initMenu\"\n\t\t\t\tdata-wp-on--keydown=\"actions.handleMenuKeydown\"\n\t\t\t\tdata-wp-on--focusout=\"actions.handleMenuFocusout\"\n\t\t\t\ttabindex=\"-1\"\n\t\t\t>\n\t\t\t\t\t<div class=\"wp-block-navigation__responsive-close\" tabindex=\"-1\">\n\t\t\t\t\t\t<div class=\"wp-block-navigation__responsive-dialog\" \n\t\t\t\tdata-wp-bind--aria-modal=\"state.ariaModal\"\n\t\t\t\tdata-wp-bind--aria-label=\"state.ariaLabel\"\n\t\t\t\tdata-wp-bind--role=\"state.roleAttribute\"\n\t\t\t>\n\t\t\t\t\t\t\t<button aria-label=\"Zamknij menu\" class=\"wp-block-navigation__responsive-container-close\" \n\t\t\t\tdata-wp-on--click=\"actions.closeMenuOnClick\"\n\t\t\t><svg xmlns=\"http:\/\/www.w3.org\/2000\/svg\" viewBox=\"0 0 24 24\" width=\"24\" height=\"24\" aria-hidden=\"true\" focusable=\"false\"><path d=\"m13.06 12 6.47-6.47-1.06-1.06L12 10.94 5.53 4.47 4.47 5.53 10.94 12l-6.47 6.47 1.06 1.06L12 13.06l6.47 6.47 1.06-1.06L13.06 12Z\"><\/path><\/svg><\/button>\n\t\t\t\t\t\t\t<div class=\"wp-block-navigation__responsive-container-content\" \n\t\t\t\tdata-wp-watch=\"callbacks.focusFirstElement\"\n\t\t\t id=\"modal-1-content\">\n\t\t\t\t\t\t\t\t<ul style=\"color: #e0c80d;\" class=\"wp-block-navigation__container has-text-color is-responsive items-justified-center alignfull wp-block-navigation\"><li class=\" wp-block-navigation-item wp-block-navigation-link\"><a class=\"wp-block-navigation-item__content\"  href=\"https:\/\/cosmoservice.pl\/index.php\/cennik\/\"><span class=\"wp-block-navigation-item__label\">Cennik<\/span><\/a><\/li><li class=\" wp-block-navigation-item wp-block-navigation-link\"><a class=\"wp-block-navigation-item__content\"  href=\"https:\/\/cosmoservice.pl\/index.php\/porady-dla-mechanika\/\"><span class=\"wp-block-navigation-item__label\">Porady dla mechanika<\/span><\/a><\/li><li class=\" wp-block-navigation-item wp-block-navigation-link has-small-font-size\"><a class=\"wp-block-navigation-item__content\"  href=\"https:\/\/cosmoservice.pl\/index.php\/polityka-prywatnosci\/\"><span class=\"wp-block-navigation-item__label\">Polityka prywatno\u015bci<\/span><\/a><\/li><li class=\" wp-block-navigation-item wp-block-navigation-link\"><a class=\"wp-block-navigation-item__content\"  href=\"https:\/\/cosmoservice.pl\/index.php\/kontakty-i-godziny-pracy\/\"><span class=\"wp-block-navigation-item__label\">Kontakty i godziny pracy<\/span><\/a><\/li><li class=\" wp-block-navigation-item wp-block-navigation-link\"><a class=\"wp-block-navigation-item__content\"  href=\"https:\/\/cosmoservice.pl\/index.php\/nasza-filozofia\/\"><span class=\"wp-block-navigation-item__label\">Nasza filozofia<\/span><\/a><\/li><li class=\" wp-block-navigation-item wp-block-navigation-link\"><a class=\"wp-block-navigation-item__content\"  href=\"https:\/\/cosmoservice.pl\/\" rel=\"https:\/\/cosmoservice.pl\/\" title=\"main\"><span class=\"wp-block-navigation-item__label\">Glowna<\/span><span class=\"wp-block-navigation-item__description\">main<\/span><\/a><\/li><li class=\" wp-block-navigation-item wp-block-navigation-link\"><a class=\"wp-block-navigation-item__content\"  href=\"https:\/\/cosmoservice.pl\/index.php\/blog\/\"><span class=\"wp-block-navigation-item__label\">Blog<\/span><\/a><\/li><\/ul>\n\t\t\t\t\t\t\t<\/div>\n\t\t\t\t\t\t<\/div>\n\t\t\t\t\t<\/div>\n\t\t\t\t<\/div><\/nav>","protected":false},"excerpt":{"rendered":"<p>Blog<\/p>\n","protected":false},"author":1,"featured_media":0,"parent":0,"menu_order":0,"comment_status":"closed","ping_status":"closed","template":"","meta":{"footnotes":""},"class_list":["post-141","page","type-page","status-publish","hentry"],"_links":{"self":[{"href":"https:\/\/cosmoservice.pl\/index.php\/wp-json\/wp\/v2\/pages\/141","targetHints":{"allow":["GET"]}}],"collection":[{"href":"https:\/\/cosmoservice.pl\/index.php\/wp-json\/wp\/v2\/pages"}],"about":[{"href":"https:\/\/cosmoservice.pl\/index.php\/wp-json\/wp\/v2\/types\/page"}],"author":[{"embeddable":true,"href":"https:\/\/cosmoservice.pl\/index.php\/wp-json\/wp\/v2\/users\/1"}],"replies":[{"embeddable":true,"href":"https:\/\/cosmoservice.pl\/index.php\/wp-json\/wp\/v2\/comments?post=141"}],"version-history":[{"count":11,"href":"https:\/\/cosmoservice.pl\/index.php\/wp-json\/wp\/v2\/pages\/141\/revisions"}],"predecessor-version":[{"id":191,"href":"https:\/\/cosmoservice.pl\/index.php\/wp-json\/wp\/v2\/pages\/141\/revisions\/191"}],"wp:attachment":[{"href":"https:\/\/cosmoservice.pl\/index.php\/wp-json\/wp\/v2\/media?parent=141"}],"curies":[{"name":"wp","href":"https:\/\/api.w.org\/{rel}","templated":true}]}}