{"id":3,"date":"2025-11-30T10:41:31","date_gmt":"2025-11-30T09:41:31","guid":{"rendered":"https:\/\/cosmoservice.pl\/?page_id=3"},"modified":"2025-11-30T13:42:57","modified_gmt":"2025-11-30T12:42:57","slug":"polityka-prywatnosci","status":"publish","type":"page","link":"https:\/\/cosmoservice.pl\/index.php\/polityka-prywatnosci\/","title":{"rendered":"Polityka prywatno\u015bci"},"content":{"rendered":"\n<h2 class=\"wp-block-heading\">Polityka prywatno\u015bci<br>Ostatnia aktualizacja: 30 listopada 2025 r.<\/h2>\n\n\n\n<ol class=\"wp-block-list\">\n<li>Administrator danych osobowych<br>Administratorem Twoich danych osobowych jest:<br>Serhii Baidaliuk<br>41-700 Ruda \u015al\u0105ska, Polska<br>e-mail: serhiibaidaliuk@gmail.com<\/li>\n\n\n\n<li>Cel i podstawa prawna przetwarzania danych<br>Dane przetwarzamy wy\u0142\u0105cznie w celu:<\/li>\n<\/ol>\n\n\n\n<ul class=\"wp-block-list\">\n<li>zapewnienia prawid\u0142owego dzia\u0142ania strony cosmoservice.pl<\/li>\n\n\n\n<li>analizy ruchu na stronie (Google Analytics, ewentualnie Yandex Metrica)<\/li>\n\n\n\n<li>odpowiedzi na wiadomo\u015bci przes\u0142ane przez formularz kontaktowy (je\u015bli istnieje)<\/li>\n\n\n\n<li>ochrony przed spamem i atakami<\/li>\n<\/ul>\n\n\n\n<p>Podstaw\u0105 prawn\u0105 przetwarzania jest art. 6 ust. 1 lit. f RODO \u2013 prawnie uzasadniony interes administratora (funkcjonowanie i bezpiecze\u0144stwo strony).<\/p>\n\n\n\n<ol start=\"3\" class=\"wp-block-list\">\n<li>Jakie dane zbieramy automatycznie<br>Przy ka\u017cdej wizycie na stronie automatycznie zbierane s\u0105:<\/li>\n<\/ol>\n\n\n\n<ul class=\"wp-block-list\">\n<li>adres IP<\/li>\n\n\n\n<li>dane plik\u00f3w cookies<\/li>\n\n\n\n<li>informacje o przegl\u0105darce i systemie operacyjnym<\/li>\n\n\n\n<li>data i czas odwiedzin<\/li>\n\n\n\n<li>adres odwiedzanej podstrony<\/li>\n<\/ul>\n\n\n\n<ol start=\"3\" class=\"wp-block-list\">\n<li>Pliki cookies i podobne technologie<br>Strona wykorzystuje pliki cookies w\u0142asne oraz cookies podmiot\u00f3w trzecich (m.in. Google Analytics, YouTube \u2013 je\u015bli osadzamy filmy).<br>S\u0142u\u017c\u0105 one do:<\/li>\n<\/ol>\n\n\n\n<ul class=\"wp-block-list\">\n<li>zapami\u0119tania ustawie\u0144 strony<\/li>\n\n\n\n<li>analizy statystyk odwiedzin<\/li>\n\n\n\n<li>wy\u015bwietlania osadzonych materia\u0142\u00f3w wideo<\/li>\n<\/ul>\n\n\n\n<p>Mo\u017cesz w ka\u017cdej chwili wy\u0142\u0105czy\u0107 cookies w ustawieniach swojej przegl\u0105darki.<\/p>\n\n\n\n<p>Polityki prywatno\u015bci tych us\u0142ug:<\/p>\n\n\n\n<ul class=\"wp-block-list\">\n<li>Google (Analytics, YouTube): https:\/\/policies.google.com\/privacy<\/li>\n\n\n\n<li>Yandex Metrica (je\u015bli u\u017cywana): https:\/\/yandex.com\/legal\/confidential<\/li>\n<\/ul>\n\n\n\n<ol class=\"wp-block-list\">\n<li>Formularz kontaktowy i komentarze (je\u015bli wyst\u0119puj\u0105)<br>Je\u015bli na stronie istnieje formularz kontaktowy lub mo\u017cliwo\u015b\u0107 komentowania:<\/li>\n<\/ol>\n\n\n\n<ul class=\"wp-block-list\">\n<li>podane przez Ciebie imi\u0119 i adres e-mail s\u0105 przetwarzane wy\u0142\u0105cznie w celu udzielenia odpowiedzi<\/li>\n\n\n\n<li>dane nie s\u0105 wykorzystywane do cel\u00f3w marketingowych<\/li>\n\n\n\n<li>przechowywane s\u0105 do momentu zako\u0144czenia korespondencji lub Twojego \u017c\u0105dania usuni\u0119cia<\/li>\n<\/ul>\n\n\n\n<ol class=\"wp-block-list\">\n<li>Udost\u0119pnianie danych<br>Twoich danych nie sprzedajemy ani nie przekazujemy podmiotom trzecim w celach marketingowych.<br>Dane mog\u0105 by\u0107 udost\u0119pnione jedynie:<\/li>\n<\/ol>\n\n\n\n<ul class=\"wp-block-list\">\n<li>dostawcom us\u0142ug hostingowych<\/li>\n\n\n\n<li>Google LLC i Yandex LLC (analityka)<\/li>\n\n\n\n<li>organom publicznym na ich uzasadnone \u017c\u0105danie<\/li>\n<\/ul>\n\n\n\n<ol class=\"wp-block-list\">\n<li>Okres przechowywania danych<\/li>\n<\/ol>\n\n\n\n<ul class=\"wp-block-list\">\n<li>Dane z cookies: maksymalnie 2 lata<\/li>\n\n\n\n<li>Dane z formularza kontaktowego\/komentarzy: do momentu usuni\u0119cia lub Twojego \u017c\u0105dania<\/li>\n<\/ul>\n\n\n\n<ol class=\"wp-block-list\">\n<li>Twoje prawa<br>Przys\u0142uguje Ci prawo do:<\/li>\n<\/ol>\n\n\n\n<ul class=\"wp-block-list\">\n<li>dost\u0119pu do swoich danych<\/li>\n\n\n\n<li>sprostowania, usuni\u0119cia lub ograniczenia przetwarzania<\/li>\n\n\n\n<li>wniesienia sprzeciwu wobec przetwarzania<\/li>\n\n\n\n<li>wniesienia skargi do Prezesa Urz\u0119du Ochrony Danych Osobowych (PUODO)<\/li>\n<\/ul>\n\n\n\n<p>W celu realizacji tych praw napisz na: serhiibaidaliuk@gmail.com<\/p>\n\n\n\n<ol start=\"9\" class=\"wp-block-list\">\n<li>Bezpiecze\u0144stwo<br>Strona korzysta z szyfrowanego po\u0142\u0105czenia SSL (HTTPS).<br>Stosujemy wszelkie dost\u0119pne \u015brodki techniczne i organizacyjne w celu ochrony Twoich danych.<\/li>\n\n\n\n<li>Zmiany w polityce prywatno\u015bci<br>Zastrzegamy sobie prawo do zmiany niniejszej polityki. Nowa wersja b\u0119dzie opublikowana na tej samej podstronie.<\/li>\n<\/ol>\n\n\n\n<p>W razie pyta\u0144 \u2013 zapraszamy do kontaktu:<br>e-mail: serhiibaidaliuk@gmail.com<br>Strona: https:\/\/www.cosmoservice.pl<\/p>\n\n\n<nav style=\"color: #daa916;\" class=\"has-text-color is-responsive items-justified-center alignwide wp-block-navigation is-content-justification-center is-layout-flex wp-container-core-navigation-is-layout-a89b3969 wp-block-navigation-is-layout-flex\" aria-label=\"Nawigacja\" \n\t\t data-wp-interactive=\"core\/navigation\" data-wp-context='{\"overlayOpenedBy\":{\"click\":false,\"hover\":false,\"focus\":false},\"type\":\"overlay\",\"roleAttribute\":\"\",\"ariaLabel\":\"Menu\"}'><button aria-haspopup=\"dialog\" aria-label=\"Rozwi\u0144 menu\" class=\"wp-block-navigation__responsive-container-open\" \n\t\t\t\tdata-wp-on--click=\"actions.openMenuOnClick\"\n\t\t\t\tdata-wp-on--keydown=\"actions.handleMenuKeydown\"\n\t\t\t><svg width=\"24\" height=\"24\" xmlns=\"http:\/\/www.w3.org\/2000\/svg\" viewBox=\"0 0 24 24\" aria-hidden=\"true\" focusable=\"false\"><path d=\"M4 7.5h16v1.5H4z\"><\/path><path d=\"M4 15h16v1.5H4z\"><\/path><\/svg><\/button>\n\t\t\t\t<div class=\"wp-block-navigation__responsive-container\"  id=\"modal-1\" \n\t\t\t\tdata-wp-class--has-modal-open=\"state.isMenuOpen\"\n\t\t\t\tdata-wp-class--is-menu-open=\"state.isMenuOpen\"\n\t\t\t\tdata-wp-watch=\"callbacks.initMenu\"\n\t\t\t\tdata-wp-on--keydown=\"actions.handleMenuKeydown\"\n\t\t\t\tdata-wp-on--focusout=\"actions.handleMenuFocusout\"\n\t\t\t\ttabindex=\"-1\"\n\t\t\t>\n\t\t\t\t\t<div class=\"wp-block-navigation__responsive-close\" tabindex=\"-1\">\n\t\t\t\t\t\t<div class=\"wp-block-navigation__responsive-dialog\" \n\t\t\t\tdata-wp-bind--aria-modal=\"state.ariaModal\"\n\t\t\t\tdata-wp-bind--aria-label=\"state.ariaLabel\"\n\t\t\t\tdata-wp-bind--role=\"state.roleAttribute\"\n\t\t\t>\n\t\t\t\t\t\t\t<button aria-label=\"Zamknij menu\" class=\"wp-block-navigation__responsive-container-close\" \n\t\t\t\tdata-wp-on--click=\"actions.closeMenuOnClick\"\n\t\t\t><svg xmlns=\"http:\/\/www.w3.org\/2000\/svg\" viewBox=\"0 0 24 24\" width=\"24\" height=\"24\" aria-hidden=\"true\" focusable=\"false\"><path d=\"m13.06 12 6.47-6.47-1.06-1.06L12 10.94 5.53 4.47 4.47 5.53 10.94 12l-6.47 6.47 1.06 1.06L12 13.06l6.47 6.47 1.06-1.06L13.06 12Z\"><\/path><\/svg><\/button>\n\t\t\t\t\t\t\t<div class=\"wp-block-navigation__responsive-container-content\" \n\t\t\t\tdata-wp-watch=\"callbacks.focusFirstElement\"\n\t\t\t id=\"modal-1-content\">\n\t\t\t\t\t\t\t\t<ul style=\"color: #daa916;\" class=\"wp-block-navigation__container has-text-color is-responsive items-justified-center alignwide wp-block-navigation\"><li class=\" wp-block-navigation-item wp-block-navigation-link\"><a class=\"wp-block-navigation-item__content\"  href=\"https:\/\/cosmoservice.pl\/index.php\/cennik\/\"><span class=\"wp-block-navigation-item__label\">Cennik<\/span><\/a><\/li><li class=\" wp-block-navigation-item wp-block-navigation-link\"><a class=\"wp-block-navigation-item__content\"  href=\"https:\/\/cosmoservice.pl\/index.php\/porady-dla-mechanika\/\"><span class=\"wp-block-navigation-item__label\">Porady dla mechanika<\/span><\/a><\/li><li class=\" wp-block-navigation-item wp-block-navigation-link has-small-font-size\"><a class=\"wp-block-navigation-item__content\"  href=\"https:\/\/cosmoservice.pl\/index.php\/polityka-prywatnosci\/\"><span class=\"wp-block-navigation-item__label\">Polityka prywatno\u015bci<\/span><\/a><\/li><li class=\" wp-block-navigation-item wp-block-navigation-link\"><a class=\"wp-block-navigation-item__content\"  href=\"https:\/\/cosmoservice.pl\/index.php\/kontakty-i-godziny-pracy\/\"><span class=\"wp-block-navigation-item__label\">Kontakty i godziny pracy<\/span><\/a><\/li><li class=\" wp-block-navigation-item wp-block-navigation-link\"><a class=\"wp-block-navigation-item__content\"  href=\"https:\/\/cosmoservice.pl\/index.php\/nasza-filozofia\/\"><span class=\"wp-block-navigation-item__label\">Nasza filozofia<\/span><\/a><\/li><li class=\" wp-block-navigation-item wp-block-navigation-link\"><a class=\"wp-block-navigation-item__content\"  href=\"https:\/\/cosmoservice.pl\/\" rel=\"https:\/\/cosmoservice.pl\/\" title=\"main\"><span class=\"wp-block-navigation-item__label\">Glowna<\/span><span class=\"wp-block-navigation-item__description\">main<\/span><\/a><\/li><li class=\" wp-block-navigation-item wp-block-navigation-link\"><a class=\"wp-block-navigation-item__content\"  href=\"https:\/\/cosmoservice.pl\/index.php\/blog\/\"><span class=\"wp-block-navigation-item__label\">Blog<\/span><\/a><\/li><\/ul>\n\t\t\t\t\t\t\t<\/div>\n\t\t\t\t\t\t<\/div>\n\t\t\t\t\t<\/div>\n\t\t\t\t<\/div><\/nav>","protected":false},"excerpt":{"rendered":"<p>Polityka prywatno\u015bciOstatnia aktualizacja: 30 listopada 2025 r. Podstaw\u0105 prawn\u0105 przetwarzania jest art. 6 ust. 1 lit. f RODO \u2013 prawnie uzasadniony interes administratora (funkcjonowanie i bezpiecze\u0144stwo strony). Mo\u017cesz w ka\u017cdej chwili wy\u0142\u0105czy\u0107 cookies w ustawieniach swojej przegl\u0105darki. Polityki prywatno\u015bci tych us\u0142ug: W celu realizacji tych praw napisz na: serhiibaidaliuk@gmail.com W razie pyta\u0144 \u2013 zapraszamy do [&hellip;]<\/p>\n","protected":false},"author":1,"featured_media":0,"parent":0,"menu_order":0,"comment_status":"closed","ping_status":"open","template":"","meta":{"footnotes":""},"class_list":["post-3","page","type-page","status-publish","hentry"],"_links":{"self":[{"href":"https:\/\/cosmoservice.pl\/index.php\/wp-json\/wp\/v2\/pages\/3","targetHints":{"allow":["GET"]}}],"collection":[{"href":"https:\/\/cosmoservice.pl\/index.php\/wp-json\/wp\/v2\/pages"}],"about":[{"href":"https:\/\/cosmoservice.pl\/index.php\/wp-json\/wp\/v2\/types\/page"}],"author":[{"embeddable":true,"href":"https:\/\/cosmoservice.pl\/index.php\/wp-json\/wp\/v2\/users\/1"}],"replies":[{"embeddable":true,"href":"https:\/\/cosmoservice.pl\/index.php\/wp-json\/wp\/v2\/comments?post=3"}],"version-history":[{"count":2,"href":"https:\/\/cosmoservice.pl\/index.php\/wp-json\/wp\/v2\/pages\/3\/revisions"}],"predecessor-version":[{"id":120,"href":"https:\/\/cosmoservice.pl\/index.php\/wp-json\/wp\/v2\/pages\/3\/revisions\/120"}],"wp:attachment":[{"href":"https:\/\/cosmoservice.pl\/index.php\/wp-json\/wp\/v2\/media?parent=3"}],"curies":[{"name":"wp","href":"https:\/\/api.w.org\/{rel}","templated":true}]}}